{"id":1007,"date":"2025-04-11T09:56:24","date_gmt":"2025-04-11T07:56:24","guid":{"rendered":"https:\/\/marineriawp.abanet.it\/?page_id=1007"},"modified":"2025-05-19T08:26:50","modified_gmt":"2025-05-19T06:26:50","slug":"collana-rerum-maritimarum","status":"publish","type":"page","link":"https:\/\/marineriawp.abanet.it\/index.php\/collana-rerum-maritimarum\/","title":{"rendered":"Collana Rerum Maritimarum"},"content":{"rendered":"\n<h1 class=\"wp-block-heading\"><strong>Collana <em>Rerum Maritimarum<\/em><\/strong><\/h1>\n\n\n\n<p class=\"blocco\">Il territorio incorpora la storia, le persone che lo hanno abitato, un insieme di elementi, visibili e nascosti che costituiscono un giacimento da cui lo staff del museo attinge stimoli per l\u2019organizzazione di mostre, seminari, conferenze per incrementare le potenzialit\u00e0 attrattive in aggiunta al percorso di visita dell\u2019esposizione permanente. L\u2019obiettivo principale, perseguito attraverso molteplici attivit\u00e0 di carattere interdisciplinare \u00e8 stato primariamente quello di riscoprire i caratteri originali della comunit\u00e0 marinara di Pesaro, su cui si \u00e8 concentrato fin da subito l\u2019allestimento delle sale tematiche, comprendendo per\u00f2 in questa azione, lo sviluppo di iniziative collaterali di approfondimento.<\/p>\n\n\n\n<p class=\"blocco\">Nel corso degli anni si \u00e8 posta attenzione ad evidenze archeologiche, architettoniche, artistiche e ambientali, a usi, costumi e tradizioni, dando spazio ad un museo-officina orientato ad una conoscenza variegata della cultura marinara, frutto di un lavoro di rete che ha coinvolto e coinvolge numerosi attori e si concretizza con la pubblicazione dei quaderni della collana \u201cRerum Maritimarum\u201d, avviata con la riapertura del museo nel 2007 e a tutt\u2019oggi in attivo con 28 titoli gi\u00e0 prodotti. La collana editoriale mira a dare divulgazione a studi e ricerche promossi dal Museo e al contempo ad ampliare la rete di relazioni fra gli studiosi. Villa Molaroni si caratterizza infatti come laboratorio di molteplici iniziative e polo di riferimento per lo scambio di esperienze diverse.<\/p>\n\n\n\n<h2 class=\"wp-block-heading\"><strong>Collana \u201cRerum Maritimarum\u201d<\/strong><\/h2>\n\n\n\n<div class=\"wp-block-themeisle-blocks-modal\"><\/div>\n\n\n\n<div class=\"wp-block-group is-nowrap is-layout-flex wp-container-core-group-is-layout-ad2f72ca wp-block-group-is-layout-flex\">\n<ul class=\"wp-block-list\">\n<li style=\"font-style:normal;font-weight:400\"><strong>1\/2007<\/strong> Ravara Montebelli, C.,&nbsp;<em><a href=\"https:\/\/marineriawp.abanet.it\/wp-content\/uploads\/copertina1.jpg\" data-type=\"attachment\" data-id=\"2807\" target=\"_blank\" rel=\"noreferrer noopener\">Archeologia navale. Cronache di un rinvenimento adriatico. Le stele di Novilara<\/a><\/em><\/li>\n\n\n\n<li style=\"font-style:normal;font-weight:400\"><strong>2\/2008<\/strong> Storoni Corsino, A., <em><a href=\"https:\/\/marineriawp.abanet.it\/wp-content\/uploads\/copertina2-1.jpg\" data-type=\"attachment\" data-id=\"2808\" target=\"_blank\" rel=\"noreferrer noopener\">Vita quotidiana al porto di Pesaro<\/a><\/em><\/li>\n\n\n\n<li style=\"font-style:normal;font-weight:400\"><strong>3\/2008<\/strong> Silvagni, M. e M., a cura, <em><a href=\"https:\/\/marineriawp.abanet.it\/wp-content\/uploads\/copertina3.jpg\" data-type=\"attachment\" data-id=\"2809\" target=\"_blank\" rel=\"noreferrer noopener\">Voci e immagini della marineria. I. Maestri d\u2019ascia, barche, cantieri<\/a><\/em><\/li>\n\n\n\n<li style=\"font-style:normal;font-weight:400\"><strong>4\/2009<\/strong> Ravara Montebelli, C.,&nbsp;<a href=\"https:\/\/marineriawp.abanet.it\/wp-content\/uploads\/copertina4.jpg\" data-type=\"attachment\" data-id=\"2810\" target=\"_blank\" rel=\"noreferrer noopener\">Halieutica. <em>Pescatori del mondo antico<\/em><\/a><\/li>\n\n\n\n<li style=\"font-style:normal;font-weight:400\"><strong>5\/2010<\/strong> Silvagni, M. e M., a cura,&nbsp;<em><a href=\"https:\/\/marineriawp.abanet.it\/wp-content\/uploads\/copertina5.jpg\" data-type=\"attachment\" data-id=\"2811\" target=\"_blank\" rel=\"noreferrer noopener\">L\u2019universo femminile nella societ\u00e0 marinara<\/a><\/em><\/li>\n\n\n\n<li style=\"font-style:normal;font-weight:400\"><strong>6\/2010<\/strong> Divari, L.,&nbsp;<em><a href=\"https:\/\/marineriawp.abanet.it\/wp-content\/uploads\/copertina6.jpg\" data-type=\"attachment\" data-id=\"2812\" target=\"_blank\" rel=\"noreferrer noopener\">La perfezione del trabaccolo<\/a><\/em><\/li>\n\n\n\n<li style=\"font-style:normal;font-weight:400\"><strong>7\/2011<\/strong> De Nicol\u00f2, M.L., <em><a href=\"https:\/\/marineriawp.abanet.it\/wp-content\/uploads\/copertina_7.jpg\" data-type=\"attachment\" data-id=\"2418\" target=\"_blank\" rel=\"noreferrer noopener\">Il Mediterraneo del Cinquecento fra antiche e nuove maniere di pescare<\/a><\/em><\/li>\n\n\n\n<li style=\"font-style:normal;font-weight:400\"><strong>8\/2012<\/strong> De Nicol\u00f2, M.L., a cura, <a href=\"https:\/\/marineriawp.abanet.it\/wp-content\/uploads\/copertina8.jpg\" data-type=\"attachment\" data-id=\"2813\" target=\"_blank\" rel=\"noreferrer noopener\"><em>Il pesce nell\u2019arte. Le nature morte<\/em> di Mauro David<\/a><\/li>\n\n\n\n<li style=\"font-style:normal;font-weight:400\"><strong>9\/2013<\/strong> De Nicol\u00f2, M.L., a cura,<em>&nbsp;<a href=\"https:\/\/marineriawp.abanet.it\/wp-content\/uploads\/copertina_9.jpg\" data-type=\"attachment\" data-id=\"2419\" target=\"_blank\" rel=\"noreferrer noopener\">Tartane<\/a><\/em><\/li>\n\n\n\n<li style=\"font-style:normal;font-weight:400\"><strong>10\/2013<\/strong> Vernia, S.,&nbsp;<em><a href=\"https:\/\/marineriawp.abanet.it\/wp-content\/uploads\/copertina_10.jpg\" data-type=\"attachment\" data-id=\"2420\" target=\"_blank\" rel=\"noreferrer noopener\">Pesce dipinto. La rappresentazione nella pittura italiana dal XVI al XVIII secolo<\/a><\/em><\/li>\n\n\n\n<li style=\"font-style:normal;font-weight:400\"><strong>11\/2013<\/strong> Serrallegri, F., a cura,&nbsp;<em><a href=\"https:\/\/marineriawp.abanet.it\/wp-content\/uploads\/copertina_11.jpg\" data-type=\"attachment\" data-id=\"2421\" target=\"_blank\" rel=\"noreferrer noopener\">Storia, favole, leggende del mare<\/a><\/em><\/li>\n\n\n\n<li style=\"font-style:normal;font-weight:400\"><strong>12\/2014 <\/strong>Papagni, G.,&nbsp;<em>Dagli argini ai moli. <\/em><a href=\"https:\/\/marineriawp.abanet.it\/wp-content\/uploads\/copertina_12-scaled.jpg\" data-type=\"attachment\" data-id=\"2422\" target=\"_blank\" rel=\"noreferrer noopener\"><em>Disegni, ceramiche e legni dagli anni \u201960<\/em>&nbsp;<\/a><\/li>\n\n\n\n<li style=\"font-style:normal;font-weight:400\"><strong>13\/2014<\/strong> Rimondini, G.,&nbsp;Gianfrancesco Buonamici. <em><a href=\"https:\/\/marineriawp.abanet.it\/wp-content\/uploads\/copertina_13.jpg\" data-type=\"attachment\" data-id=\"2423\" target=\"_blank\" rel=\"noreferrer noopener\">Documentazione e congetture sui lavori nei porti di Senigallia, Fano, Pesaro, Rimini<\/a><\/em><\/li>\n\n\n\n<li style=\"font-style:normal;font-weight:400\"><strong>14\/2015<\/strong> Speziali, A.,&nbsp;<em><a href=\"https:\/\/marineriawp.abanet.it\/wp-content\/uploads\/copertina_14.jpg\" data-type=\"attachment\" data-id=\"2424\" target=\"_blank\" rel=\"noreferrer noopener\">Armonia del Liberty. Villeggiature marine<\/a><\/em><\/li>\n\n\n\n<li style=\"font-style:normal;font-weight:400\"><strong>15\/2015<\/strong> Montinaro, G.,&nbsp;Pesaro 1614. <em><a href=\"https:\/\/marineriawp.abanet.it\/wp-content\/uploads\/copertina_15.jpg\" data-type=\"attachment\" data-id=\"2425\" target=\"_blank\" rel=\"noreferrer noopener\">Un duca, una citt\u00e0 e la costruzione di un porto<\/a><\/em><\/li>\n\n\n\n<li style=\"font-style:normal;font-weight:400\"><strong>16\/2016<\/strong> Av. Vv., <em><a href=\"https:\/\/marineriawp.abanet.it\/wp-content\/uploads\/copertina_16.jpg\" data-type=\"attachment\" data-id=\"2426\" target=\"_blank\" rel=\"noreferrer noopener\">La polena di Pesaro. Restauro Valorizzazione<\/a><\/em><\/li>\n\n\n\n<li style=\"font-style:normal;font-weight:400\"><strong>17\/2015<\/strong> De Nicol\u00f2,&nbsp;M.L., <em><a href=\"https:\/\/marineriawp.abanet.it\/wp-content\/uploads\/copertina_17.jpg\" data-type=\"attachment\" data-id=\"2427\" target=\"_blank\" rel=\"noreferrer noopener\">Le ostriche della povera gente. Vongole dell\u2019Adriatico, Storia, produzione, consumo<\/a><\/em><\/li>\n\n\n\n<li style=\"font-style:normal;font-weight:400\"><strong>18\/2016<\/strong> Ugolini, F.,&nbsp;<em><a href=\"https:\/\/marineriawp.abanet.it\/wp-content\/uploads\/copertina_18.jpg\" data-type=\"attachment\" data-id=\"2428\" target=\"_blank\" rel=\"noreferrer noopener\">Mare Hadriaticum. Armatori, marinai e mercanti in et\u00e0 imperiale<\/a><\/em><\/li>\n\n\n\n<li style=\"font-style:normal;font-weight:400\">1<strong>9\/2016<\/strong> De Nicol\u00f2, M.L., <em><a href=\"https:\/\/marineriawp.abanet.it\/wp-content\/uploads\/copertina_19.jpg\" data-type=\"attachment\" data-id=\"2429\" target=\"_blank\" rel=\"noreferrer noopener\">Mediterraneo dei pescatori. Mediterraneo delle reti<\/a><\/em><\/li>\n\n\n\n<li style=\"font-style:normal;font-weight:400\"><strong>20\/2018<\/strong> Filippini, F., Del Bianco, A., <em><a href=\"https:\/\/marineriawp.abanet.it\/wp-content\/uploads\/copertina_20-scaled.jpg\" data-type=\"attachment\" data-id=\"2430\" target=\"_blank\" rel=\"noreferrer noopener\">Porto e cantieri. Pesaro nella prima met\u00e0 del Novecento<\/a><\/em><\/li>\n\n\n\n<li style=\"font-style:normal;font-weight:400\"><strong>21\/2019<\/strong> De Nicol\u00f2, M.L., <a href=\"https:\/\/marineriawp.abanet.it\/wp-content\/uploads\/copertina_21.jpg\" data-type=\"attachment\" data-id=\"2431\" target=\"_blank\" rel=\"noreferrer noopener\"><em>Del mangiar pesce fresco, \u2018salvato\u2019, \u2018navigato\u2019 nel Mediterraneo<\/em><br><em>Alimentazione, mercato, pesche ancestrali (XIV-XIX)<\/em><\/a><\/li>\n\n\n\n<li style=\"font-style:normal;font-weight:400\"><strong>22\/2020<\/strong> De Nicol\u00f2, M.L., <em><a href=\"https:\/\/marineriawp.abanet.it\/wp-content\/uploads\/copertina_22.jpg\" data-type=\"attachment\" data-id=\"2432\" target=\"_blank\" rel=\"noreferrer noopener\">Dal banco di vendita a tutte le mense. Pesci, molluschi e crostacei dal tardo medioevo alla tradizione<\/a><\/em><\/li>\n\n\n\n<li style=\"font-style:normal;font-weight:400\"><strong>23\/2020<\/strong> De Nicol\u00f2, M.L., a cura, <a href=\"https:\/\/marineriawp.abanet.it\/wp-content\/uploads\/copertina_23-scaled.jpg\" data-type=\"attachment\" data-id=\"2433\" target=\"_blank\" rel=\"noreferrer noopener\">&#8220;<em>Marine animate<\/em>&#8220;<em> di Umberto Coromaldi (1870-1948)<\/em><\/a><\/li>\n\n\n\n<li style=\"font-style:normal;font-weight:400\"><strong>24\/2022<\/strong> Podhra\u0161ki \u010cizmek, Z., <em><a href=\"https:\/\/marineriawp.abanet.it\/wp-content\/uploads\/copertina_24.jpg\" data-type=\"attachment\" data-id=\"2434\" target=\"_blank\" rel=\"noreferrer noopener\">Navigli adriatici fra le due sponde nel Settecento<\/a><\/em><\/li>\n\n\n\n<li style=\"font-style:normal;font-weight:400\"><strong>25\/2022<\/strong> Gammieri E, Giampieretti M, <em><a href=\"https:\/\/marineriawp.abanet.it\/wp-content\/uploads\/copertina_25.jpg\" data-type=\"attachment\" data-id=\"2435\" target=\"_blank\" rel=\"noreferrer noopener\">La pesca nel litorale di Pesaro negli anni Trenta<\/a><\/em><\/li>\n\n\n\n<li style=\"font-style:normal;font-weight:400\"><strong>26\/2023<\/strong> Giansanti, A.P., <em><a href=\"https:\/\/marineriawp.abanet.it\/wp-content\/uploads\/copertina_26.jpg\" data-type=\"attachment\" data-id=\"2436\" target=\"_blank\" rel=\"noreferrer noopener\">Ichthys. Iconografia dei pesci e della pesca nell\u2019arte antica<\/a><\/em><\/li>\n\n\n\n<li style=\"font-style:normal;font-weight:400\"><strong>27\/2024<\/strong> De Nicol\u00f2, M.L., <em><a href=\"https:\/\/marineriawp.abanet.it\/wp-content\/uploads\/copertina_27.jpg\" data-type=\"attachment\" data-id=\"2437\" target=\"_blank\" rel=\"noreferrer noopener\">Marineria anconitana dell\u2019Ottocento: navi, cantieri, capitani marittimi<\/a><\/em><\/li>\n\n\n\n<li style=\"font-style:normal;font-weight:400\"><strong>28\/2024<\/strong> De Nicol\u00f2, M.L., <em><a href=\"https:\/\/marineriawp.abanet.it\/wp-content\/uploads\/copertina_28.jpg\" data-type=\"attachment\" data-id=\"2438\" target=\"_blank\" rel=\"noreferrer noopener\">Brodetto adriatico \u201cbruetti valesani\u201d, cucina di bordo, ricettari<\/a><\/em><\/li>\n<\/ul>\n\n\n\n<p><a href=\"https:\/\/marineriawp.abanet.it\/index.php\/collana-rerum-maritimarum\/\" target=\"_blank\" rel=\"noreferrer noopener\"><\/a><\/p>\n<\/div>\n\n\n\n<div class=\"wp-block-themeisle-blocks-modal\"><\/div>\n\n\n\n<div class=\"wp-block-themeisle-blocks-modal\"><\/div>\n\n\n\n<p><\/p>\n\n\n\n<p>Tutti i quaderni, sono disponibili in pdf, per richiederli: <a href=\"mailto:marialucia.denicolo@unibo.it\">marialucia.denicolo@unibo.it<\/a><\/p>\n\n\n\n<p><\/p>\n","protected":false},"excerpt":{"rendered":"<p>Collana Rerum Maritimarum Il territorio incorpora la storia, le persone che lo hanno abitato, un insieme di elementi, visibili e nascosti che costituiscono un giacimento da cui lo staff del museo attinge stimoli per l\u2019organizzazione di mostre, seminari, conferenze per incrementare le potenzialit\u00e0 attrattive in aggiunta al percorso di visita dell\u2019esposizione permanente. L\u2019obiettivo principale, perseguito&hellip;&nbsp;<a href=\"https:\/\/marineriawp.abanet.it\/index.php\/collana-rerum-maritimarum\/\" rel=\"bookmark\">Leggi tutto &raquo;<span class=\"screen-reader-text\">Collana Rerum Maritimarum<\/span><\/a><\/p>\n","protected":false},"author":1,"featured_media":2170,"parent":0,"menu_order":0,"comment_status":"closed","ping_status":"closed","template":"","meta":{"neve_meta_sidebar":"","neve_meta_container":"","neve_meta_enable_content_width":"","neve_meta_content_width":0,"neve_meta_title_alignment":"","neve_meta_author_avatar":"","neve_post_elements_order":"","neve_meta_disable_header":"","neve_meta_disable_footer":"","neve_meta_disable_title":"","_themeisle_gutenberg_block_has_review":false,"footnotes":""},"class_list":["post-1007","page","type-page","status-publish","has-post-thumbnail","hentry"],"_links":{"self":[{"href":"https:\/\/marineriawp.abanet.it\/index.php\/wp-json\/wp\/v2\/pages\/1007","targetHints":{"allow":["GET"]}}],"collection":[{"href":"https:\/\/marineriawp.abanet.it\/index.php\/wp-json\/wp\/v2\/pages"}],"about":[{"href":"https:\/\/marineriawp.abanet.it\/index.php\/wp-json\/wp\/v2\/types\/page"}],"author":[{"embeddable":true,"href":"https:\/\/marineriawp.abanet.it\/index.php\/wp-json\/wp\/v2\/users\/1"}],"replies":[{"embeddable":true,"href":"https:\/\/marineriawp.abanet.it\/index.php\/wp-json\/wp\/v2\/comments?post=1007"}],"version-history":[{"count":89,"href":"https:\/\/marineriawp.abanet.it\/index.php\/wp-json\/wp\/v2\/pages\/1007\/revisions"}],"predecessor-version":[{"id":2896,"href":"https:\/\/marineriawp.abanet.it\/index.php\/wp-json\/wp\/v2\/pages\/1007\/revisions\/2896"}],"wp:featuredmedia":[{"embeddable":true,"href":"https:\/\/marineriawp.abanet.it\/index.php\/wp-json\/wp\/v2\/media\/2170"}],"wp:attachment":[{"href":"https:\/\/marineriawp.abanet.it\/index.php\/wp-json\/wp\/v2\/media?parent=1007"}],"curies":[{"name":"wp","href":"https:\/\/api.w.org\/{rel}","templated":true}]}}