{"id":477,"date":"2023-10-25T16:54:50","date_gmt":"2023-10-25T14:54:50","guid":{"rendered":"http:\/\/marineriawp.abanet.it\/?page_id=477"},"modified":"2025-05-16T09:11:57","modified_gmt":"2025-05-16T07:11:57","slug":"ecomuseo-del-litorale-pesarese","status":"publish","type":"page","link":"https:\/\/marineriawp.abanet.it\/index.php\/ecomuseo-del-litorale-pesarese\/","title":{"rendered":"Ecomuseo del litorale pesarese"},"content":{"rendered":"\n<h1 class=\"wp-block-heading\">Ecomuseo del Litorale Pesarese<\/h1>\n\n\n\n<p class=\"blocco\">La partecipazione al progetto europeo ADRIAMUSE (2011-2013) ha dato occasione all\u2019organizzazione di un parco storico che mette in luce le <strong>identit\u00e0 culturali della fascia costiera delle Marche settentrionali<\/strong>, attraverso una rilettura del paesaggio, delle fonti archeologiche, etnografiche e pi\u00f9 in generale del patrimonio materiale e immateriale afferente alle comunit\u00e0 delle rive, utile ad evidenziare ogni volta, passando da una localit\u00e0 all\u2019altra, un diverso e originale rapporto con il mare e le sue risorse.<\/p>\n\n\n\n<p class=\"blocco\">Scopo del progetto \u00e8 la costituzione di un grande museo identitario all\u2019aperto, di una rete facente capo al Museo della Marineria <em>Washington Patrignani<\/em> di Pesaro collegata a varie realt\u00e0 operative nel territorio per comporre un sistema museale integrato, volto alla valorizzazione culturale ed economica dei luoghi considerati. Le localit\u00e0 prese in esame sono Gabicce, Casteldimezzo, Fiorenzuola di Focara, Pesaro, Fano, Marotta. Tema portante \u00e8 la storia ed evoluzione delle comunit\u00e0 costiere in una continuit\u00e0 conoscitiva geografico-culturale.<\/p>\n\n\n\n<div class=\"wp-block-columns is-layout-flex wp-container-core-columns-is-layout-9d6595d7 wp-block-columns-is-layout-flex\">\n<div class=\"wp-block-column is-layout-flow wp-block-column-is-layout-flow\">\n<div data-wp-interactive=\"core\/file\" class=\"wp-block-file\"><object data-wp-bind--hidden=\"!state.hasPdfPreview\" hidden class=\"wp-block-file__embed\" data=\"https:\/\/marineriawp.abanet.it\/wp-content\/uploads\/ecomuseo.pdf\" type=\"application\/pdf\" style=\"width:100%;height:1000px\" aria-label=\"Incorporamento di ecomuseo.\"><\/object><a id=\"wp-block-file--media-3efc371f-5c3e-4191-83bd-eec73e936d36\" href=\"https:\/\/marineriawp.abanet.it\/wp-content\/uploads\/ecomuseo.pdf\">ecomuseo<\/a><a href=\"https:\/\/marineriawp.abanet.it\/wp-content\/uploads\/ecomuseo.pdf\" class=\"wp-block-file__button wp-element-button\" download aria-describedby=\"wp-block-file--media-3efc371f-5c3e-4191-83bd-eec73e936d36\">Download<\/a><\/div>\n<\/div>\n<\/div>\n","protected":false},"excerpt":{"rendered":"<p>Ecomuseo del Litorale Pesarese La partecipazione al progetto europeo ADRIAMUSE (2011-2013) ha dato occasione all\u2019organizzazione di un parco storico che mette in luce le identit\u00e0 culturali della fascia costiera delle Marche settentrionali, attraverso una rilettura del paesaggio, delle fonti archeologiche, etnografiche e pi\u00f9 in generale del patrimonio materiale e immateriale afferente alle comunit\u00e0 delle rive,&hellip;&nbsp;<a href=\"https:\/\/marineriawp.abanet.it\/index.php\/ecomuseo-del-litorale-pesarese\/\" rel=\"bookmark\">Leggi tutto &raquo;<span class=\"screen-reader-text\">Ecomuseo del litorale pesarese<\/span><\/a><\/p>\n","protected":false},"author":1,"featured_media":2399,"parent":0,"menu_order":0,"comment_status":"closed","ping_status":"closed","template":"","meta":{"neve_meta_sidebar":"","neve_meta_container":"","neve_meta_enable_content_width":"","neve_meta_content_width":0,"neve_meta_title_alignment":"","neve_meta_author_avatar":"","neve_post_elements_order":"","neve_meta_disable_header":"","neve_meta_disable_footer":"","neve_meta_disable_title":"","_themeisle_gutenberg_block_has_review":false,"footnotes":""},"class_list":["post-477","page","type-page","status-publish","has-post-thumbnail","hentry"],"_links":{"self":[{"href":"https:\/\/marineriawp.abanet.it\/index.php\/wp-json\/wp\/v2\/pages\/477","targetHints":{"allow":["GET"]}}],"collection":[{"href":"https:\/\/marineriawp.abanet.it\/index.php\/wp-json\/wp\/v2\/pages"}],"about":[{"href":"https:\/\/marineriawp.abanet.it\/index.php\/wp-json\/wp\/v2\/types\/page"}],"author":[{"embeddable":true,"href":"https:\/\/marineriawp.abanet.it\/index.php\/wp-json\/wp\/v2\/users\/1"}],"replies":[{"embeddable":true,"href":"https:\/\/marineriawp.abanet.it\/index.php\/wp-json\/wp\/v2\/comments?post=477"}],"version-history":[{"count":24,"href":"https:\/\/marineriawp.abanet.it\/index.php\/wp-json\/wp\/v2\/pages\/477\/revisions"}],"predecessor-version":[{"id":2740,"href":"https:\/\/marineriawp.abanet.it\/index.php\/wp-json\/wp\/v2\/pages\/477\/revisions\/2740"}],"wp:featuredmedia":[{"embeddable":true,"href":"https:\/\/marineriawp.abanet.it\/index.php\/wp-json\/wp\/v2\/media\/2399"}],"wp:attachment":[{"href":"https:\/\/marineriawp.abanet.it\/index.php\/wp-json\/wp\/v2\/media?parent=477"}],"curies":[{"name":"wp","href":"https:\/\/api.w.org\/{rel}","templated":true}]}}