{"id":488,"date":"2023-10-25T17:00:24","date_gmt":"2023-10-25T15:00:24","guid":{"rendered":"http:\/\/marineriawp.abanet.it\/?page_id=488"},"modified":"2025-05-08T16:16:44","modified_gmt":"2025-05-08T14:16:44","slug":"lanostraidentita","status":"publish","type":"page","link":"https:\/\/marineriawp.abanet.it\/index.php\/lanostraidentita\/","title":{"rendered":"La nostra identit\u00e0"},"content":{"rendered":"\n<h1 class=\"wp-block-heading\">La nostra identit\u00e0<\/h1>\n\n\n\n<p class=\"blocco\" style=\"font-style:normal;font-weight:100\">La strategia museale adottata a Pesaro con la riapertura a Villa Molaroni, nel 2007, \u00e8 stata quella di sganciarsi dall\u2019idea classica e statica di museo come sede di conservazione degli oggetti della societ\u00e0 del porto. Si \u00e8 puntato infatti sull\u2019indagine storica per la messa a fuoco dell\u2019identit\u00e0 marittima di Pesaro o meglio dell\u2019evoluzione nel tempo del rapporto della citt\u00e0 con il mare, con l\u2019intento di costruire uno scenario culturale efficace e innovativo teso alla conoscenza delle origini e successivo sviluppo della marineria pesarese. Dalla fine del secolo XVI, si \u00e8 avviata la formazione di una marineria, in virt\u00f9 di un processo di interscambio fra le realt\u00e0 che si affacciano sull\u2019Adriatico e altri spazi mediterranei che nel corso dei secoli hanno intessuto con la citt\u00e0 di Pesaro e il suo territorio rapporti commerciali e culturali &nbsp;L\u2019allestimento tende dunque ad evidenziare i caratteri originali della marineria pesarese attraverso una sequenza di quadri narrativi, utili ad illustrarne l\u2019excursus storico dall\u2019antichit\u00e0 al tramonto della vela. L\u2019intenzione \u00e8 quella di svolgere e presentare funzioni plurime per una visione\/conoscenza del museo diffuso.<\/p>\n\n\n\n<p class=\"blocco\" style=\"font-style:normal;font-weight:100\">Oltre all\u2019ordinario servizio legato alle visite guidate, alle mostre, ai laboratori didattici per le scuole di ogni ordine e grado, ai cicli di conferenze, agli eventi estivi organizzati nel Parco che costituisce uno splendido spazio\/arena esterno, il museo si presta ad essere un centro di ricerca e studio sulla cultura del mare e al contempo un polo di riferimento per quanti sono interessati alla storia delle comunit\u00e0 costiere del medio Adriatico.<\/p>\n\n\n\n<div id=\"wp-block-themeisle-blocks-slider-3f1cb395\" class=\"wp-block-themeisle-blocks-slider glide\" data-per-view=\"4\" data-gap=\"5\" data-peek=\"100\" data-autoplay=\"true\" data-height=\"200px\" data-hide-arrows=\"false\" data-transition=\"linear\"><div class=\"glide__track\" data-glide-el=\"track\"><div class=\"glide__slides\"><div class=\"wp-block-themeisle-blocks-slider-item-wrapper glide__slide\" tabindex=\"0\"><figure><img decoding=\"async\" class=\"wp-block-themeisle-blocks-slider-item\" src=\"https:\/\/marineriawp.abanet.it\/wp-content\/uploads\/vele2g-scaled-1.jpg\" alt=\"\" title=\"\" data-id=\"2236\"\/><\/figure><\/div><div class=\"wp-block-themeisle-blocks-slider-item-wrapper glide__slide\" tabindex=\"0\"><figure><img decoding=\"async\" class=\"wp-block-themeisle-blocks-slider-item\" src=\"https:\/\/marineriawp.abanet.it\/wp-content\/uploads\/pesar-storoni3-3.jpg\" alt=\"\" title=\"\" data-id=\"2234\"\/><\/figure><\/div><div class=\"wp-block-themeisle-blocks-slider-item-wrapper glide__slide\" tabindex=\"0\"><figure><img decoding=\"async\" class=\"wp-block-themeisle-blocks-slider-item\" src=\"https:\/\/marineriawp.abanet.it\/wp-content\/uploads\/pesaroportoecase-1.jpg\" alt=\"\" title=\"\" data-id=\"2233\"\/><\/figure><\/div><div class=\"wp-block-themeisle-blocks-slider-item-wrapper glide__slide\" tabindex=\"0\"><figure><img decoding=\"async\" class=\"wp-block-themeisle-blocks-slider-item\" src=\"https:\/\/marineriawp.abanet.it\/wp-content\/uploads\/pesarofestaporto-1.jpg\" alt=\"\" title=\"\" data-id=\"2230\"\/><\/figure><\/div><div class=\"wp-block-themeisle-blocks-slider-item-wrapper glide__slide\" tabindex=\"0\"><figure><img decoding=\"async\" class=\"wp-block-themeisle-blocks-slider-item\" src=\"https:\/\/marineriawp.abanet.it\/wp-content\/uploads\/pesarodonneuomini-1.jpg\" alt=\"\" title=\"\" data-id=\"2229\"\/><\/figure><\/div><div class=\"wp-block-themeisle-blocks-slider-item-wrapper glide__slide\" tabindex=\"0\"><figure><img decoding=\"async\" class=\"wp-block-themeisle-blocks-slider-item\" src=\"https:\/\/marineriawp.abanet.it\/wp-content\/uploads\/1934-pesaro-portocanale-1.jpg\" alt=\"\" title=\"\" data-id=\"2226\"\/><\/figure><\/div><\/div><\/div><\/div>\n","protected":false},"excerpt":{"rendered":"<p>La nostra identit\u00e0 La strategia museale adottata a Pesaro con la riapertura a Villa Molaroni, nel 2007, \u00e8 stata quella di sganciarsi dall\u2019idea classica e statica di museo come sede di conservazione degli oggetti della societ\u00e0 del porto. Si \u00e8 puntato infatti sull\u2019indagine storica per la messa a fuoco dell\u2019identit\u00e0 marittima di Pesaro o meglio&hellip;&nbsp;<a href=\"https:\/\/marineriawp.abanet.it\/index.php\/lanostraidentita\/\" rel=\"bookmark\">Leggi tutto &raquo;<span class=\"screen-reader-text\">La nostra identit\u00e0<\/span><\/a><\/p>\n","protected":false},"author":1,"featured_media":2123,"parent":0,"menu_order":0,"comment_status":"closed","ping_status":"closed","template":"","meta":{"neve_meta_sidebar":"","neve_meta_container":"","neve_meta_enable_content_width":"","neve_meta_content_width":0,"neve_meta_title_alignment":"","neve_meta_author_avatar":"","neve_post_elements_order":"","neve_meta_disable_header":"","neve_meta_disable_footer":"","neve_meta_disable_title":"","_themeisle_gutenberg_block_has_review":false,"footnotes":""},"class_list":["post-488","page","type-page","status-publish","has-post-thumbnail","hentry"],"_links":{"self":[{"href":"https:\/\/marineriawp.abanet.it\/index.php\/wp-json\/wp\/v2\/pages\/488","targetHints":{"allow":["GET"]}}],"collection":[{"href":"https:\/\/marineriawp.abanet.it\/index.php\/wp-json\/wp\/v2\/pages"}],"about":[{"href":"https:\/\/marineriawp.abanet.it\/index.php\/wp-json\/wp\/v2\/types\/page"}],"author":[{"embeddable":true,"href":"https:\/\/marineriawp.abanet.it\/index.php\/wp-json\/wp\/v2\/users\/1"}],"replies":[{"embeddable":true,"href":"https:\/\/marineriawp.abanet.it\/index.php\/wp-json\/wp\/v2\/comments?post=488"}],"version-history":[{"count":75,"href":"https:\/\/marineriawp.abanet.it\/index.php\/wp-json\/wp\/v2\/pages\/488\/revisions"}],"predecessor-version":[{"id":2248,"href":"https:\/\/marineriawp.abanet.it\/index.php\/wp-json\/wp\/v2\/pages\/488\/revisions\/2248"}],"wp:featuredmedia":[{"embeddable":true,"href":"https:\/\/marineriawp.abanet.it\/index.php\/wp-json\/wp\/v2\/media\/2123"}],"wp:attachment":[{"href":"https:\/\/marineriawp.abanet.it\/index.php\/wp-json\/wp\/v2\/media?parent=488"}],"curies":[{"name":"wp","href":"https:\/\/api.w.org\/{rel}","templated":true}]}}